{"id":72389,"date":"2024-06-04T16:52:42","date_gmt":"2024-06-04T14:52:42","guid":{"rendered":"https:\/\/canventura.com\/qui-som\/"},"modified":"2025-03-28T11:36:40","modified_gmt":"2025-03-28T09:36:40","slug":"qui-som","status":"publish","type":"page","link":"https:\/\/canventura.com\/es\/qui-som\/","title":{"rendered":"Qui\u00e9nes somos"},"content":{"rendered":"<p>[et_pb_section fb_built=\u00bb1&#8243; admin_label=\u00bbHeader\u00bb _builder_version=\u00bb4.18.0&#8243; _module_preset=\u00bbdefault\u00bb background_color=\u00bbgcid-f53bea2f-11b6-47b2-a970-343c85385294&#8243; locked=\u00bboff\u00bb collapsed=\u00bboff\u00bb global_colors_info=\u00bb{%22gcid-f53bea2f-11b6-47b2-a970-343c85385294%22:%91%22background_color%22%93}\u00bb][et_pb_row column_structure=\u00bb3_5,2_5&#8243; make_equal=\u00bbon\u00bb custom_padding_last_edited=\u00bboff|desktop\u00bb _builder_version=\u00bb4.17.3&#8243; _module_preset=\u00bbdefault\u00bb background_color=\u00bbgcid-ab6b9068-bffc-496b-a93d-1ff98284b2de\u00bb background_enable_pattern_style=\u00bbon\u00bb background_pattern_style=\u00bbscallops\u00bb background_pattern_color=\u00bbrgba(0,0,0,0.1)\u00bb background_pattern_size=\u00bbcustom\u00bb background_pattern_width=\u00bb32px\u00bb background_pattern_repeat_origin=\u00bbbottom_left\u00bb width=\u00bb90%\u00bb max_width=\u00bb1440px\u00bb custom_margin=\u00bb||0px||false|false\u00bb custom_padding=\u00bb20px|20px|20px|20px|true|true\u00bb custom_padding_tablet=\u00bb60px||||false|false\u00bb custom_padding_phone=\u00bb60px||||false|false\u00bb hover_enabled=\u00bb0&#8243; global_colors_info=\u00bb{%22gcid-ab6b9068-bffc-496b-a93d-1ff98284b2de%22:%91%22background_color%22,%22background_color%22,%22background_color%22%93}\u00bb sticky_enabled=\u00bb0&#8243;][et_pb_column type=\u00bb3_5&#8243; _builder_version=\u00bb4.18.0&#8243; _module_preset=\u00bbdefault\u00bb custom_padding=\u00bb60px|60px|60px|60px|true|true\u00bb custom_padding_tablet=\u00bb30px|30px|30px|30px|true|true\u00bb custom_padding_phone=\u00bb30px|30px|30px|30px|true|true\u00bb custom_padding_last_edited=\u00bbon|phone\u00bb global_colors_info=\u00bb{}\u00bb][et_pb_text _builder_version=\u00bb4.17.3&#8243; _module_preset=\u00bbdefault\u00bb header_font=\u00bbCinzel|||on|||||\u00bb header_text_color=\u00bb#FFFFFF\u00bb header_font_size=\u00bb115px\u00bb header_line_height=\u00bb1.15em\u00bb custom_margin_tablet=\u00bb||0px||false|false\u00bb custom_margin_phone=\u00bb||0px||false|false\u00bb custom_margin_last_edited=\u00bbon|phone\u00bb custom_padding_tablet=\u00bb||0px||false|false\u00bb custom_padding_phone=\u00bb||0px||false|false\u00bb custom_padding_last_edited=\u00bbon|phone\u00bb header_font_size_tablet=\u00bb46px\u00bb header_font_size_phone=\u00bb28px\u00bb header_font_size_last_edited=\u00bbon|tablet\u00bb global_colors_info=\u00bb{}\u00bb]<\/p>\n<h1>Sobre nosotros<\/h1>\n<p>[\/et_pb_text][et_pb_text _builder_version=\u00bb4.17.3&#8243; _module_preset=\u00bbdefault\u00bb header_font=\u00bb||||||||\u00bb header_3_font=\u00bbMarcellus||||||||\u00bb header_3_text_color=\u00bb#FFFFFF\u00bb header_3_font_size=\u00bb36px\u00bb header_3_line_height=\u00bb1.3em\u00bb custom_margin=\u00bb0px||0px||true|false\u00bb custom_padding=\u00bb0px||0px||true|false\u00bb header_3_font_size_tablet=\u00bb20px\u00bb header_3_font_size_phone=\u00bb16px\u00bb header_3_font_size_last_edited=\u00bbon|phone\u00bb global_colors_info=\u00bb{}\u00bb]<\/p>\n<h3><span>Pla\u00e7a Major n\u00ba1, Ll\u00edvia, Girona<\/span><\/h3>\n<p>[\/et_pb_text][et_pb_button button_url=\u00bbhttps:\/\/maps.app.goo.gl\/9xf7qeqg2tkuU3eq8&#8243; url_new_window=\u00bbon\u00bb button_text=\u00bbVis\u00edtanos\u00bb _builder_version=\u00bb4.17.3&#8243; _module_preset=\u00bbdefault\u00bb custom_button=\u00bbon\u00bb button_text_size=\u00bb18px\u00bb button_text_color=\u00bb#FFFFFF\u00bb button_bg_color=\u00bbRGBA(255,255,255,0)\u00bb button_border_width=\u00bb0px\u00bb button_border_radius=\u00bb0px\u00bb button_font=\u00bbPlayfair Display|700|on||||||\u00bb custom_padding=\u00bb12px|0px|12px|0px|true|true\u00bb button_text_size_tablet=\u00bb14px\u00bb button_text_size_phone=\u00bb12px\u00bb button_text_size_last_edited=\u00bbon|phone\u00bb box_shadow_style=\u00bbpreset4&#8243; box_shadow_horizontal=\u00bb0px\u00bb box_shadow_vertical=\u00bb2px\u00bb box_shadow_color=\u00bb#e7e2bc\u00bb global_colors_info=\u00bb{}\u00bb][\/et_pb_button][\/et_pb_column][et_pb_column type=\u00bb2_5&#8243; _builder_version=\u00bb4.17.3&#8243; _module_preset=\u00bbdefault\u00bb background_image=\u00bbhttps:\/\/canventura.com\/wp-content\/uploads\/2024\/06\/Restaurante_3.png\u00bb global_colors_info=\u00bb{}\u00bb][et_pb_divider show_divider=\u00bboff\u00bb _builder_version=\u00bb4.18.0&#8243; _module_preset=\u00bbdefault\u00bb height_tablet=\u00bb60vw\u00bb height_phone=\u00bb60vw\u00bb height_last_edited=\u00bbon|desktop\u00bb locked=\u00bboff\u00bb global_colors_info=\u00bb{}\u00bb][\/et_pb_divider][et_pb_image _builder_version=\u00bb4.17.3&#8243; _module_preset=\u00bbdefault\u00bb title_text=\u00bbRestaurante_44&#8243; src=\u00bbhttps:\/\/canventura.com\/wp-content\/uploads\/2024\/06\/Restaurante_44.webp\u00bb hover_enabled=\u00bb0&#8243; sticky_enabled=\u00bb0&#8243;][\/et_pb_image][\/et_pb_column][\/et_pb_row][\/et_pb_section][et_pb_section fb_built=\u00bb1&#8243; admin_label=\u00bbAbout\u00bb _builder_version=\u00bb4.17.3&#8243; _module_preset=\u00bbdefault\u00bb background_color=\u00bbgcid-f53bea2f-11b6-47b2-a970-343c85385294&#8243; custom_margin=\u00bb||||true\u00bb custom_margin_tablet=\u00bb||||true\u00bb custom_margin_phone=\u00bb0px||0px||true|false\u00bb custom_margin_last_edited=\u00bbon|phone\u00bb custom_padding=\u00bb0px||0px||true|false\u00bb locked=\u00bboff\u00bb collapsed=\u00bboff\u00bb global_colors_info=\u00bb{%22gcid-f53bea2f-11b6-47b2-a970-343c85385294%22:%91%22background_color%22%93}\u00bb][et_pb_row column_structure=\u00bb1_2,1_2&#8243; make_equal=\u00bbon\u00bb _builder_version=\u00bb4.17.3&#8243; _module_preset=\u00bbdefault\u00bb global_colors_info=\u00bb{}\u00bb][et_pb_column type=\u00bb1_2&#8243; _builder_version=\u00bb4.17.3&#8243; _module_preset=\u00bbdefault\u00bb use_background_color_gradient=\u00bbon\u00bb background_color_gradient_stops=\u00bbgcid-f53bea2f-11b6-47b2-a970-343c85385294 0%|rgba(0,0,0,0) 100%\u00bb background_color_gradient_overlays_image=\u00bbon\u00bb background_image=\u00bbhttps:\/\/canventura.com\/wp-content\/uploads\/2024\/06\/Restaurante_26-1.webp\u00bb global_colors_info=\u00bb{%22gcid-f53bea2f-11b6-47b2-a970-343c85385294%22:%91%22background_color_gradient_stops%22%93}\u00bb][et_pb_divider show_divider=\u00bboff\u00bb _builder_version=\u00bb4.18.0&#8243; _module_preset=\u00bbdefault\u00bb height_tablet=\u00bb60vw\u00bb height_phone=\u00bb60vw\u00bb height_last_edited=\u00bbon|desktop\u00bb global_colors_info=\u00bb{}\u00bb][\/et_pb_divider][\/et_pb_column][et_pb_column type=\u00bb1_2&#8243; _builder_version=\u00bb4.18.0&#8243; _module_preset=\u00bbdefault\u00bb z_index=\u00bb10&#8243; custom_padding=\u00bb10%||||false|false\u00bb custom_padding_tablet=\u00bb0%||||false|false\u00bb custom_padding_phone=\u00bb0%||||false|false\u00bb custom_padding_last_edited=\u00bbon|desktop\u00bb global_colors_info=\u00bb{}\u00bb][et_pb_text _builder_version=\u00bb4.17.3&#8243; _module_preset=\u00bbdefault\u00bb header_2_font=\u00bbItaliana||||||||\u00bb header_2_text_color=\u00bb#FFFFFF\u00bb header_2_font_size=\u00bb70px\u00bb header_2_line_height=\u00bb1.2em\u00bb text_orientation=\u00bbcenter\u00bb width_tablet=\u00bb100%\u00bb width_phone=\u00bb100%\u00bb width_last_edited=\u00bboff|desktop\u00bb custom_margin=\u00bb|||-100%|false|false\u00bb custom_margin_tablet=\u00bb|||0%|false|false\u00bb custom_margin_phone=\u00bb|||0%|false|false\u00bb custom_margin_last_edited=\u00bbon|tablet\u00bb header_2_text_align_last_edited=\u00bboff|tablet\u00bb header_2_font_size_tablet=\u00bb32px\u00bb header_2_font_size_phone=\u00bb24px\u00bb header_2_font_size_last_edited=\u00bbon|tablet\u00bb global_colors_info=\u00bb{}\u00bb]<\/p>\n<h2>Nuestro origen recae en 1977 a<br \/>Ll\u00edvia, Gerona<\/h2>\n<p>[\/et_pb_text][et_pb_image src=\u00bbhttps:\/\/canventura.com\/wp-content\/uploads\/2024\/06\/Restaurante_30.webp\u00bb title_text=\u00bbRestaurante_30&#8243; _builder_version=\u00bb4.17.3&#8243; _module_preset=\u00bbdefault\u00bb hover_enabled=\u00bb0&#8243; global_colors_info=\u00bb{}\u00bb sticky_enabled=\u00bb0&#8243;][\/et_pb_image][et_pb_text _builder_version=\u00bb4.17.3&#8243; _module_preset=\u00bbdefault\u00bb text_font=\u00bbMarcellus||||||||\u00bb text_text_color=\u00bb#FFFFFF\u00bb text_font_size=\u00bb22px\u00bb text_line_height=\u00bb1.65em\u00bb text_font_size_tablet=\u00bb16px\u00bb text_font_size_phone=\u00bb14px\u00bb text_font_size_last_edited=\u00bbon|desktop\u00bb global_colors_info=\u00bb{}\u00bb]<\/p>\n<p><span>Nuestro restaurante es un verdadero tesoro del siglo XVIII, en el que la historia se mezcla con la gastronom\u00eda en un ambiente de exquisita decoraci\u00f3n. Cada plato que servimos es una obra maestra, preparada con ingredientes frescos y cuidadosamente seleccionados para agradar a todos los sentidos.<\/span><\/p>\n<p>[\/et_pb_text][\/et_pb_column][\/et_pb_row][et_pb_row column_structure=\u00bb1_2,1_2&#8243; make_equal=\u00bbon\u00bb _builder_version=\u00bb4.17.3&#8243; _module_preset=\u00bbdefault\u00bb global_colors_info=\u00bb{}\u00bb][et_pb_column type=\u00bb1_2&#8243; _builder_version=\u00bb4.17.3&#8243; _module_preset=\u00bbdefault\u00bb z_index=\u00bb10&#8243; custom_padding=\u00bb10%||||false|false\u00bb custom_padding_tablet=\u00bb0%||||false|false\u00bb custom_padding_phone=\u00bb0%||||false|false\u00bb custom_padding_last_edited=\u00bbon|desktop\u00bb global_colors_info=\u00bb{}\u00bb][et_pb_text _builder_version=\u00bb4.17.3&#8243; _module_preset=\u00bbdefault\u00bb text_font=\u00bbMarcellus||||||||\u00bb text_text_color=\u00bb#FFFFFF\u00bb text_font_size=\u00bb22px\u00bb text_line_height=\u00bb1.65em\u00bb text_font_size_tablet=\u00bb16px\u00bb text_font_size_phone=\u00bb14px\u00bb text_font_size_last_edited=\u00bbon|desktop\u00bb global_colors_info=\u00bb{}\u00bb]<\/p>\n<p><span>Os invitamos a sumergirse en una experiencia culinaria \u00fanica, donde la tradici\u00f3n se encuentra con la innovaci\u00f3n en cada mordisco. \u00a1Esperamos veros pronto en nuestro acogedor rinc\u00f3n del pasado, donde cada visita es un viaje en el tiempo hacia la excelencia gastron\u00f3mica!<\/span><\/p>\n<p>[\/et_pb_text][et_pb_image src=\u00bbhttps:\/\/canventura.com\/wp-content\/uploads\/2024\/06\/Restaurante_33-1.webp\u00bb title_text=\u00bbRestaurante_33&#8243; _builder_version=\u00bb4.17.3&#8243; _module_preset=\u00bbdefault\u00bb global_colors_info=\u00bb{}\u00bb][\/et_pb_image][\/et_pb_column][et_pb_column type=\u00bb1_2&#8243; _builder_version=\u00bb4.17.3&#8243; _module_preset=\u00bbdefault\u00bb use_background_color_gradient=\u00bbon\u00bb background_color_gradient_stops=\u00bbgcid-f53bea2f-11b6-47b2-a970-343c85385294 0%|rgba(0,0,0,0) 100%\u00bb background_color_gradient_overlays_image=\u00bbon\u00bb background_image=\u00bbhttps:\/\/canventura.com\/wp-content\/uploads\/2024\/06\/Restaurante_18.webp\u00bb global_colors_info=\u00bb{%22gcid-f53bea2f-11b6-47b2-a970-343c85385294%22:%91%22background_color_gradient_stops%22%93}\u00bb][et_pb_divider show_divider=\u00bboff\u00bb _builder_version=\u00bb4.18.0&#8243; _module_preset=\u00bbdefault\u00bb height_tablet=\u00bb60vw\u00bb height_phone=\u00bb60vw\u00bb height_last_edited=\u00bbon|desktop\u00bb global_colors_info=\u00bb{}\u00bb][\/et_pb_divider][\/et_pb_column][\/et_pb_row][\/et_pb_section][et_pb_section fb_built=\u00bb1&#8243; custom_padding_last_edited=\u00bbon|tablet\u00bb admin_label=\u00bbFeatures\u00bb _builder_version=\u00bb4.17.3&#8243; _module_preset=\u00bbdefault\u00bb background_color=\u00bbgcid-f53bea2f-11b6-47b2-a970-343c85385294&#8243; custom_margin_tablet=\u00bb0px||||false|false\u00bb custom_margin_phone=\u00bb0px||||false|false\u00bb custom_margin_last_edited=\u00bbon|tablet\u00bb custom_padding_tablet=\u00bb0px||||false|false\u00bb custom_padding_phone=\u00bb0px||||false|false\u00bb collapsed=\u00bboff\u00bb global_colors_info=\u00bb{%22gcid-f53bea2f-11b6-47b2-a970-343c85385294%22:%91%22background_color%22%93}\u00bb][et_pb_row _builder_version=\u00bb4.18.0&#8243; _module_preset=\u00bbdefault\u00bb global_colors_info=\u00bb{}\u00bb][et_pb_column type=\u00bb4_4&#8243; _builder_version=\u00bb4.18.0&#8243; _module_preset=\u00bbdefault\u00bb global_colors_info=\u00bb{}\u00bb][et_pb_text _builder_version=\u00bb4.17.3&#8243; _module_preset=\u00bbdefault\u00bb header_2_font=\u00bbItaliana||||||||\u00bb header_2_text_color=\u00bb#FFFFFF\u00bb header_2_font_size=\u00bb70px\u00bb header_2_line_height=\u00bb1.2em\u00bb text_orientation=\u00bbcenter\u00bb header_2_font_size_tablet=\u00bb32px\u00bb header_2_font_size_phone=\u00bb24px\u00bb header_2_font_size_last_edited=\u00bbon|tablet\u00bb global_colors_info=\u00bb{}\u00bb]<\/p>\n<h2>Explora Nuestro Espacio<\/h2>\n<p>[\/et_pb_text][dipl_masonry_gallery image_ids=\u00bb72042,72043,72044,72045,72048,72049,72050,72051,72023,72022,72024,72053&#8243; number_of_columns=\u00bb3&#8243; enable_lightbox=\u00bbon\u00bb _builder_version=\u00bb4.17.3&#8243; _module_preset=\u00bbdefault\u00bb global_colors_info=\u00bb{}\u00bb][\/dipl_masonry_gallery][\/et_pb_column][\/et_pb_row][\/et_pb_section]<\/p>\n","protected":false},"excerpt":{"rendered":"<p>Sobre nosotrosPla\u00e7a Major n\u00ba1, Ll\u00edvia, GironaNuestro origen recae en 1977 aLl\u00edvia, GeronaNuestro restaurante es un verdadero tesoro del siglo XVIII, en el que la historia se mezcla con la gastronom\u00eda en un ambiente de exquisita decoraci\u00f3n. Cada plato que servimos es una obra maestra, preparada con ingredientes frescos y cuidadosamente seleccionados para agradar a todos [&hellip;]<\/p>\n","protected":false},"author":1,"featured_media":0,"parent":0,"menu_order":0,"comment_status":"closed","ping_status":"closed","template":"","meta":{"_et_pb_use_builder":"on","_et_pb_old_content":"","_et_gb_content_width":"","footnotes":""},"class_list":["post-72389","page","type-page","status-publish","hentry"],"_links":{"self":[{"href":"https:\/\/canventura.com\/es\/wp-json\/wp\/v2\/pages\/72389","targetHints":{"allow":["GET"]}}],"collection":[{"href":"https:\/\/canventura.com\/es\/wp-json\/wp\/v2\/pages"}],"about":[{"href":"https:\/\/canventura.com\/es\/wp-json\/wp\/v2\/types\/page"}],"author":[{"embeddable":true,"href":"https:\/\/canventura.com\/es\/wp-json\/wp\/v2\/users\/1"}],"replies":[{"embeddable":true,"href":"https:\/\/canventura.com\/es\/wp-json\/wp\/v2\/comments?post=72389"}],"version-history":[{"count":5,"href":"https:\/\/canventura.com\/es\/wp-json\/wp\/v2\/pages\/72389\/revisions"}],"predecessor-version":[{"id":72476,"href":"https:\/\/canventura.com\/es\/wp-json\/wp\/v2\/pages\/72389\/revisions\/72476"}],"wp:attachment":[{"href":"https:\/\/canventura.com\/es\/wp-json\/wp\/v2\/media?parent=72389"}],"curies":[{"name":"wp","href":"https:\/\/api.w.org\/{rel}","templated":true}]}}